{"id":410,"date":"2018-06-13T01:45:47","date_gmt":"2018-06-12T23:45:47","guid":{"rendered":"http:\/\/localhost\/?page_id=410"},"modified":"2026-03-03T12:51:55","modified_gmt":"2026-03-03T11:51:55","slug":"chi-siamo","status":"publish","type":"page","link":"https:\/\/solitopavimenti.it\/index.php\/chi-siamo","title":{"rendered":"Storia aziendale"},"content":{"rendered":"<p style=\"text-align: justify; line-height: 2.5em;\"><img loading=\"lazy\" decoding=\"async\" width=\"300\" height=\"300\" id=\"history_image\" class=\"alignright wp-image-413\" src=\"http:\/\/www.localhost\/wp-content\/uploads\/2018\/06\/img_1300-300x300.jpg\" alt=\"\" srcset=\"https:\/\/solitopavimenti.it\/wp-content\/uploads\/2018\/06\/img_1300-300x300.jpg 300w, https:\/\/solitopavimenti.it\/wp-content\/uploads\/2018\/06\/img_1300-150x150.jpg 150w, https:\/\/solitopavimenti.it\/wp-content\/uploads\/2018\/06\/img_1300-768x768.jpg 768w, https:\/\/solitopavimenti.it\/wp-content\/uploads\/2018\/06\/img_1300.jpg 800w\" sizes=\"auto, (max-width: 300px) 100vw, 300px\" \/>E\u2019 il 1964. Siamo nell\u2019Italia del boom economico. Un giovane proprietario di un\u2019azienda avicola di Francavilla Fontana guarda lontano. Giuseppe Solito ha deciso che l\u2019azienda avicola non sar\u00e0 il suo futuro. Alla fiera di Forl\u00ec ha osservato con dissenso l\u2019impiego sempre maggiore di farmaci ed ormoni per l\u2019allevamento avicolo. Rinunciare a tali cure lo renderebbe poco competitivo. Guarda altrove. Ascolta attento la proposta di un giovane dipendente che ha lavorato a lungo nella produzione di pavimenti in cemento. Il giovane collaboratore si chiama Damiano Fanizza. Anche lui ha voglia di fare. Insieme iniziano. \u201cMatti che producono mattoni\u201d. Le prime mattonelle vengono prodotte con un banchetto a mano ed una levigatrice manuale. La produzione funziona. Ogni giorno vengono prodotte manualmente 50mq di mattonelle a fondo unico e circa 10 pezzi di mattonelle a decoro. E\u2019 l\u2019inizio di una storia travolgente. Con l\u2019intraprendenza e la lungimiranza di Giuseppe, aumentano le vendite e la fabbrica viene dotata di pressa rotativa con estrazione manuale e levigatrice lineare. Siamo nel 1970 la fabbrica \u00e8 in grado di produrre ormai 250mq giornalieri. La seriet\u00e0 dell\u2019azienda e la situazione favorevole del mercato permettono a Giuseppe di ingrandirsi progressivamente ed assumere nuovi dipendenti. Tra loro si distingue Francesco Magli che sostituir\u00e0 il capo fabbrica Fanizza al suo pensionamento. Sar\u00e0 anche grazie al suo impegno, entusiasmo e professionalit\u00e0 che la Solito pavimenti spiccher\u00e0 il volo. Negli anni 80 il mercato Italiano non \u00e8 sufficiente. Giuseppe Solito ormai affiancato dal figlio Giacinto, produce fino a 1800mq giornalieri e vende all\u2019estero raggiungendo i mercati arabi. Giuseppe Solito ascolta la fremente voglia del figlio di cambiare. Avvia un processo di meccanizzazione degli impianti con sapiente lungimiranza e ascolta i venti del cambiamento. Giacinto nutrito a cemento e mattoni, si affianca al padre e successivamente lo sostituisce con il medesimo entusiasmo e correttezza. A lui tocca traghettare l\u2019azienda nei tempi pi\u00f9 difficili della crisi economica. L\u2019azienda \u00e8 sana e solida. Bisogna resistere e cambiare. Giacinto guarda avanti. Intuisce che il futuro sar\u00e0 non solo la produzione industriale, ma anche la mattonella artigianale. Nel 2012 rileva l\u2019antica azienda De Lillo di Molfetta leader nella produzione di pavimenti in cemento decorati. Si tratta di un\u2019azienda che produce cementine pugliesi con ricette antiche dal 1894. Giacinto comprende che nella globalizzazione, l\u2019arma per vincere sta nella capacit\u00e0 di far valere la propria arte. Intensifica la produzione delle cementine raccogliendo l\u2019arte antica di questa azienda ed unendola con la saggia capacit\u00e0 produttiva della propria. L\u2019azienda muta e si trasforma restando sempre la stessa. Restano immutati i valori di onest\u00e0, competenza e correttezza assoluta. E\u2019 la Solito pavimenti del nuovo millennio. \u201cMatti che producono mattoni.\u201d<\/p>\n","protected":false},"excerpt":{"rendered":"<p>E\u2019 il 1964. Siamo nell\u2019Italia del boom economico. Un giovane proprietario di un\u2019azienda avicola di Francavilla Fontana guarda lontano. Giuseppe Solito ha deciso che l\u2019azienda avicola non sar\u00e0 il suo futuro. Alla fiera di Forl\u00ec ha osservato con dissenso l\u2019impiego sempre maggiore di farmaci ed ormoni per l\u2019allevamento avicolo. Rinunciare a tali cure lo renderebbe [&hellip;]<\/p>\n","protected":false},"author":1,"featured_media":0,"parent":0,"menu_order":0,"comment_status":"closed","ping_status":"closed","template":"fullwidth.php","meta":{"footnotes":""},"class_list":["post-410","page","type-page","status-publish","hentry"],"_links":{"self":[{"href":"https:\/\/solitopavimenti.it\/index.php\/wp-json\/wp\/v2\/pages\/410","targetHints":{"allow":["GET"]}}],"collection":[{"href":"https:\/\/solitopavimenti.it\/index.php\/wp-json\/wp\/v2\/pages"}],"about":[{"href":"https:\/\/solitopavimenti.it\/index.php\/wp-json\/wp\/v2\/types\/page"}],"author":[{"embeddable":true,"href":"https:\/\/solitopavimenti.it\/index.php\/wp-json\/wp\/v2\/users\/1"}],"replies":[{"embeddable":true,"href":"https:\/\/solitopavimenti.it\/index.php\/wp-json\/wp\/v2\/comments?post=410"}],"version-history":[{"count":19,"href":"https:\/\/solitopavimenti.it\/index.php\/wp-json\/wp\/v2\/pages\/410\/revisions"}],"predecessor-version":[{"id":908,"href":"https:\/\/solitopavimenti.it\/index.php\/wp-json\/wp\/v2\/pages\/410\/revisions\/908"}],"wp:attachment":[{"href":"https:\/\/solitopavimenti.it\/index.php\/wp-json\/wp\/v2\/media?parent=410"}],"curies":[{"name":"wp","href":"https:\/\/api.w.org\/{rel}","templated":true}]}}